{"id":168,"date":"2020-05-09T20:22:05","date_gmt":"2020-05-09T23:22:05","guid":{"rendered":"https:\/\/www.analuisatalavera.com.br\/novo\/?page_id=168"},"modified":"2020-05-09T20:22:39","modified_gmt":"2020-05-09T23:22:39","slug":"politica-de-privacidade","status":"publish","type":"page","link":"https:\/\/www.analuisatalavera.com.br\/novo\/politica-de-privacidade\/","title":{"rendered":"Pol\u00edtica de privacidade"},"content":{"rendered":"<p><strong>Nota Legal<\/strong><\/p>\n<p>Publicamos a Nota Legal que se segue para sua pr\u00f3pria prote\u00e7\u00e3o e prote\u00e7\u00e3o dos usu\u00e1rios. \u00c9 importante que voc\u00ea compreenda o prop\u00f3sito e as limita\u00e7\u00f5es das informa\u00e7\u00f5es disponibilizadas neste site. Por isso, \u00e9 importante que voc\u00ea leia esta Nota Legal antes de usar este site.<\/p>\n<p align=\"left\">Este site pode ter enganos, erros tipogr\u00e1ficos e gramaticais. Por favor, aponte qualquer um deles que voc\u00ea venha a encontrar, pelo\u00a0<a href=\"https:\/\/www.analuisatalavera.com.br\/novo\/contato\/\">formul\u00e1rio de contato<\/a><\/p>\n<p>Embora todo esfor\u00e7o tenha sido despendido para garantir a exatid\u00e3o das informa\u00e7\u00f5es contidas neste site, o Propriet\u00e1rio n\u00e3o se responsabiliza por erros ou omiss\u00f5es, ou por danos resultantes do uso de informa\u00e7\u00f5es contidas nele. Nesta Nota Legal propriet\u00e1rio significa o site\u00a0<a href=\"https:\/\/www.analuisatalavera.com.br\">www.analuisatalavera.com.br<\/a>\u00a0 e usu\u00e1rio significa voc\u00ea.<\/p>\n<p align=\"left\"><strong>Privacidade<\/strong><\/p>\n<p align=\"left\">Faz parte da pol\u00edtica deste site,\u00a0o respeito \u00e0 privacidade dos visitantes,\u00a0com a efetiva preserva\u00e7\u00e3o de seus direitos ao sigilo das informa\u00e7\u00f5es compartilhadas neste ambiente. O objetivo do presente documento \u00e9 esclarecer aos usu\u00e1rios a pol\u00edtica adotada com rela\u00e7\u00e3o aos meios de coleta, tratamento, uso e prote\u00e7\u00e3o das informa\u00e7\u00f5es transitadas neste site.<\/p>\n<p align=\"left\">De acordo com este princ\u00edpio, este site manter\u00e1 os usu\u00e1rios sempre informados sobre a Pol\u00edtica de Uso e Privacidade adotada com rela\u00e7\u00e3o \u00e0s informa\u00e7\u00f5es pessoais. Este site n\u00e3o se utiliza de nenhum aplicativo ou mecanismo que tenha por fim a coleta ou obten\u00e7\u00e3o de qualquer dados pessoais sem o conhecimento e a autoriza\u00e7\u00e3o do visitante. O acesso a esta p\u00e1gina n\u00e3o implica em nenhum tipo de compromisso entre o site e o usu\u00e1rio.<\/p>\n<p align=\"left\"><strong>Cadastramento de Informa\u00e7\u00f5es<\/strong><\/p>\n<p align=\"left\">Este site oferece a oportunidade de introduzir dados pessoais ou profissionais (endere\u00e7os de e-mail, nomes, entre outros). Zelamos pela seguran\u00e7a dos dados fornecidos atrav\u00e9s de moderno sistema de seguran\u00e7a. O site conta, para sua pr\u00f3pria garantia e para garantia dos usu\u00e1rios, com modernos sistemas de seguran\u00e7a oferecendo o melhor ambiente t\u00e9cnico para a navega\u00e7\u00e3o.<\/p>\n<p align=\"left\">As medidas de seguran\u00e7a adotadas por este site s\u00e3o de ordem t\u00e9cnica e organizacional e visam evitar, com rela\u00e7\u00e3o \u00e0s informa\u00e7\u00f5es pessoais dos usu\u00e1rios, a perda acidental, mau uso, utiliza\u00e7\u00e3o desautorizada, destrui\u00e7\u00e3o ou danos.<\/p>\n<p align=\"left\"><strong>Do Uso e Acesso das Informa\u00e7\u00f5es<\/strong><\/p>\n<p align=\"left\">Este site utilizar\u00e1 as informa\u00e7\u00f5es recolhidas dos usu\u00e1rios \u00fanica e exclusivamente para as finalidades para as quais foram por estes fornecidas, ou seja:<\/p>\n<p align=\"left\">\u2013 Atendimento aos interesses dos visitantes,\u00a0dispon\u00edveis no site;<\/p>\n<p align=\"left\">\u2013 Resposta \u00e0s d\u00favidas apresentadas;<\/p>\n<p align=\"left\">\u2013 Interesse em futuras publica\u00e7\u00f5es;<\/p>\n<p align=\"left\">\u2013 Coment\u00e1rios, sugest\u00f5es e assuntos restritos de acordo com o visitante.<\/p>\n<p align=\"left\">Os dados pessoais transmitidos para este site poder\u00e3o, ainda, ser usados para fins de envio de correspond\u00eancia com ofertas de produtos e novidades do site. Somente pessoal autorizado e treinado ter\u00e1 acesso a estes dados.<\/p>\n<p align=\"left\"><strong>Links e Parceiros<\/strong><\/p>\n<p align=\"left\">Este site disponibiliza links para outros sites, mas n\u00e3o endossa e n\u00e3o se responsabiliza pelo conte\u00fado dos mesmos. Tamb\u00e9m n\u00e3o nos responsabilizamos pela pol\u00edtica de privacidade dos sites que possam estar listados ou cujos links sejam disponibilizados. Se o usu\u00e1rio usa esses links, n\u00e3o nos responsabilizamos e nem damos garantias pelo conte\u00fado, seguran\u00e7a e\/ou exatid\u00e3o dos sites acessados.<\/p>\n<p><b>Cookies<\/b><\/p>\n<p>Empregamos tecnologia de cookies para ajudar a registrar visitantes em nosso site, caso necess\u00e1rio. Cookies s\u00e3o peda\u00e7os de dados que geralmente s\u00e3o criados quando voc\u00ea visita um site e que s\u00e3o armazenados no diret\u00f3rio de cookies do seu computador ou dispositivo m\u00f3vel. Um n\u00famero de cookie de navega\u00e7\u00e3o pode ser criado quando voc\u00ea visita o nosso site. Os cookies n\u00e3o cont\u00eam nenhuma informa\u00e7\u00e3o pessoal sobre voc\u00ea e n\u00e3o podem ser usados para identificar um usu\u00e1rio individual.<\/p>\n<p>Voc\u00ea pode configurar seu navegador para recusar todos ou alguns cookies do navegador ou para alert\u00e1-lo quando os sites configurarem ou acessarem cookies. Se voc\u00ea desativar ou recusar cookies, observe que alguns dos recursos aprimorados deste site podem ficar inacess\u00edveis ou n\u00e3o funcionar corretamente.<\/p>\n<p align=\"left\"><strong>Altera\u00e7\u00f5es nos Termos de Uso<\/strong><\/p>\n<p align=\"left\">De tempos em tempos, por alguma necessidade, podemos modificar os Termos de Uso. Sugerimos uma visita peri\u00f3dica neste local.<\/p>\n","protected":false},"excerpt":{"rendered":"<p>Nota Legal Publicamos a Nota Legal que se segue para sua pr\u00f3pria prote\u00e7\u00e3o e prote\u00e7\u00e3o dos usu\u00e1rios. \u00c9 importante que voc\u00ea compreenda o prop\u00f3sito e as limita\u00e7\u00f5es das informa\u00e7\u00f5es disponibilizadas neste site. Por isso, \u00e9 importante que voc\u00ea leia esta Nota Legal antes de usar este site. Este site pode ter enganos, erros tipogr\u00e1ficos e&hellip;<\/p>\n","protected":false},"author":1,"featured_media":0,"parent":0,"menu_order":0,"comment_status":"closed","ping_status":"closed","template":"","meta":{"jetpack_post_was_ever_published":false,"footnotes":""},"class_list":["post-168","page","type-page","status-publish","hentry"],"jetpack_shortlink":"https:\/\/wp.me\/P9cLer-2I","jetpack-related-posts":[],"jetpack_sharing_enabled":true,"_links":{"self":[{"href":"https:\/\/www.analuisatalavera.com.br\/novo\/wp-json\/wp\/v2\/pages\/168"}],"collection":[{"href":"https:\/\/www.analuisatalavera.com.br\/novo\/wp-json\/wp\/v2\/pages"}],"about":[{"href":"https:\/\/www.analuisatalavera.com.br\/novo\/wp-json\/wp\/v2\/types\/page"}],"author":[{"embeddable":true,"href":"https:\/\/www.analuisatalavera.com.br\/novo\/wp-json\/wp\/v2\/users\/1"}],"replies":[{"embeddable":true,"href":"https:\/\/www.analuisatalavera.com.br\/novo\/wp-json\/wp\/v2\/comments?post=168"}],"version-history":[{"count":2,"href":"https:\/\/www.analuisatalavera.com.br\/novo\/wp-json\/wp\/v2\/pages\/168\/revisions"}],"predecessor-version":[{"id":170,"href":"https:\/\/www.analuisatalavera.com.br\/novo\/wp-json\/wp\/v2\/pages\/168\/revisions\/170"}],"wp:attachment":[{"href":"https:\/\/www.analuisatalavera.com.br\/novo\/wp-json\/wp\/v2\/media?parent=168"}],"curies":[{"name":"wp","href":"https:\/\/api.w.org\/{rel}","templated":true}]}}